{"id":106,"date":"2025-06-16T22:29:22","date_gmt":"2025-06-16T20:29:22","guid":{"rendered":"https:\/\/lacompagnieafacettes.fr\/?page_id=106"},"modified":"2026-01-21T13:40:05","modified_gmt":"2026-01-21T12:40:05","slug":"mentions-legales","status":"publish","type":"page","link":"https:\/\/lacompagnieafacettes.fr\/index.php\/mentions-legales\/","title":{"rendered":"Mentions l\u00e9gales"},"content":{"rendered":"\n<h3 class=\"wp-block-heading\">DESCRIPTION DES SERVICES FOURNIS<\/h3>\n\n\n\n<p>Le site www.lacompagnieafacettes.fr a pour objet de fournir une information concernant l\u2019ensemble des activit\u00e9s de la soci\u00e9t\u00e9. <em>La Compagnie \u00e0 facettes<\/em> s\u2019efforce de fournir sur le site www.lacompagnieafacettes.fr des informations aussi pr\u00e9cises que possible. Toutefois, il ne pourra \u00eatre tenu responsable des omissions, des inexactitudes et des carences dans la mise \u00e0 jour, qu\u2019elles soient de son fait ou du fait des tiers partenaires qui lui fournissent ces informations. Toutes les informations indiqu\u00e9es sur le site www.lacompagnieafacettes.fr sont donn\u00e9es \u00e0 titre indicatif, et sont susceptibles d\u2019\u00e9voluer. Par ailleurs, les renseignements figurant sur le site www.lacompagnieafacettes.fr ne sont pas exhaustifs. Ils sont donn\u00e9s sous r\u00e9serve de modifications ayant \u00e9t\u00e9 apport\u00e9es depuis leur mise en ligne.<\/p>\n\n\n\n<h3 class=\"wp-block-heading\">PROPRI\u00c9T\u00c9 INTELLECTUELLE ET CONTREFA\u00c7ONS<\/h3>\n\n\n\n<p><em>La Compagnie \u00e0 facettes<\/em> est propri\u00e9taire des droits de propri\u00e9t\u00e9 intellectuelle ou d\u00e9tient les droits d\u2019usage sur tous les \u00e9l\u00e9ments accessibles sur le site, notamment les textes, images\/illustrations, graphismes, logo, ic\u00f4nes, sons, vid\u00e9os, et les t\u00e9l\u00e9chargements num\u00e9riques. Toute reproduction, repr\u00e9sentation, modification, publication, adaptation de tout ou partie des \u00e9l\u00e9ments du site, quel que soit le moyen ou le proc\u00e9d\u00e9 utilis\u00e9, est interdite, sauf autorisation \u00e9crite pr\u00e9alable aupr\u00e8s de <em>La Compagnie \u00e0 facettes<\/em>, par courrier ou email. Toute exploitation non autoris\u00e9e du site ou de l\u2019un quelconque des \u00e9l\u00e9ments qu\u2019il contient sera consid\u00e9r\u00e9e comme constitutive d\u2019une contrefa\u00e7on et poursuivie conform\u00e9ment aux dispositions des articles L.335-2 et suivants du Code de Propri\u00e9t\u00e9 Intellectuelle.<\/p>\n\n\n\n<h3 class=\"wp-block-heading\">LIMITATIONS DE RESPONSABILIT\u00c9<\/h3>\n\n\n\n<p><em>La Compagnie \u00e0 facettes<\/em> ne pourra \u00eatre tenue responsable des dommages directs et indirects caus\u00e9s au mat\u00e9riel de l\u2019utilisateur, lors de l\u2019acc\u00e8s au site www.lacompagnieafacettes.fr, et r\u00e9sultant soit de l\u2019utilisation d\u2019un mat\u00e9riel ne r\u00e9pondant pas aux sp\u00e9cifications indiqu\u00e9es au point 4, soit de l\u2019apparition d\u2019un bug ou d\u2019une incompatibilit\u00e9. <em>La Compagnie \u00e0 facettes<\/em> ne pourra pas \u00eatre tenue responsable des dommages indirects (tels par exemple qu\u2019une perte de march\u00e9 ou perte d\u2019une chance) cons\u00e9cutifs \u00e0 l\u2019utilisation du site www.lacompagnieafacettes.fr. Des espaces interactifs (possibilit\u00e9 de poser des questions dans l\u2019espace contact) sont \u00e0 la disposition des utilisateurs. <em>La Compagnie \u00e0 facettes<\/em> se r\u00e9serve le droit de supprimer, sans mise en demeure pr\u00e9alable, tout contenu d\u00e9pos\u00e9 dans cet espace qui contreviendrait \u00e0 la l\u00e9gislation applicable en France, en particulier aux dispositions relatives \u00e0 la protection des donn\u00e9es. Le cas \u00e9ch\u00e9ant, <em>La Compagnie \u00e0 facettes<\/em> se r\u00e9serve \u00e9galement la possibilit\u00e9 de mettre en cause la responsabilit\u00e9 civile et\/ou p\u00e9nale de l\u2019utilisateur, notamment en cas de message \u00e0 caract\u00e8re raciste, injurieux, diffamant, ou pornographique, quel que soit le support utilis\u00e9 (texte, photographie\u2026).<\/p>\n\n\n\n<h3 class=\"wp-block-heading\">LIMITATIONS CONTRACTUELLES SUR LES DONN\u00c9ES TECHNIQUES<\/h3>\n\n\n\n<p>Le site utilise la technologie JavaScript. Le site Internet ne pourra \u00eatre tenu responsable de dommages mat\u00e9riels li\u00e9s \u00e0 l\u2019utilisation du site. De plus, l\u2019utilisateur du site s\u2019engage \u00e0 acc\u00e9der au site en utilisant un mat\u00e9riel r\u00e9cent, ne contenant pas de virus et avec un navigateur de derni\u00e8re g\u00e9n\u00e9ration mis-\u00e0-jour.<\/p>\n\n\n\n<h3 class=\"wp-block-heading\">GESTION DES DONN\u00c9ES PERSONNELLES<\/h3>\n\n\n\n<p>Elles font l\u2019objet d\u2019un traitement informatique ayant pour finalit\u00e9 le traitement de votre demande et notre gestion commerciale, en particulier : la r\u00e9ponse aux demandes d\u2019information formul\u00e9es sur le site, l\u2019envoi d\u2019informations commerciales lorsque vous avez donn\u00e9 votre accord ou lorsque la l\u00e9gislation en vigueur l\u2019autorise, l\u2019\u00e9tablissement de statistiques g\u00e9n\u00e9rales sur la consultation du site afin d\u2019am\u00e9liorer les prestations que nous offrons sur notre site. La politique de confidentialit\u00e9 des donn\u00e9es personnelles vous est propos\u00e9e par <em>La Compagnie \u00e0 facettes<\/em> dans le cadre de la loi n\u00b078-17 du 6 janvier 1978 relative \u00e0 l\u2019informatique, aux fichiers et aux libert\u00e9s, et au le r\u00e8glement (UE) 2016\/679 du Parlement europ\u00e9en et du Conseil du 27 avril 2016 relatif \u00e0 la protection des personnes physiques \u00e0 l\u2019\u00e9gard du traitement des donn\u00e9es \u00e0 caract\u00e8re personnel et \u00e0 la libre circulation de ces donn\u00e9es (le \u00ab RGPD \u00bb)  <em>La Compagnie \u00e0 facettes<\/em> vous propose une exp\u00e9rience client personnalis\u00e9e, en collectant en toute s\u00e9curit\u00e9 vos donn\u00e9es personnelles.<\/p>\n\n\n\n<h3 class=\"wp-block-heading\">LIENS HYPERTEXTES ET COOKIES<\/h3>\n\n\n\n<p>Le site www.lacompagnieafacettes.fr contient un certain nombre de liens hypertextes vers d\u2019autres sites, mis en place avec l\u2019autorisation de <em>La Compagnie \u00e0 facettes<\/em>. Cependant, <em>La Compagnie \u00e0 facettes<\/em> n\u2019a pas la possibilit\u00e9 de v\u00e9rifier le contenu des sites ainsi visit\u00e9s, et n\u2019assumera en cons\u00e9quence aucune responsabilit\u00e9 de ce fait. La navigation sur le site www.lacompagnieafacettes.fr est susceptible de provoquer l\u2019installation de cookie(s) sur l\u2019ordinateur de l\u2019utilisateur. Un cookie est un fichier de petite taille, qui ne permet pas l\u2019identification de l\u2019utilisateur, mais qui enregistre des informations relatives \u00e0 la navigation d\u2019un ordinateur sur un site. Les donn\u00e9es ainsi obtenues visent \u00e0 faciliter la navigation ult\u00e9rieure sur le site, et ont \u00e9galement vocation \u00e0 permettre diverses mesures de fr\u00e9quentation. Le refus d\u2019installation d\u2019un cookie peut entra\u00eener l\u2019impossibilit\u00e9 d\u2019acc\u00e9der \u00e0 certains services.<br>L\u2019utilisateur peut toutefois configurer son ordinateur de la mani\u00e8re suivante, pour refuser l\u2019installation des cookies :<\/p>\n\n\n\n<p>FireFox :&nbsp;<a href=\"https:\/\/support.mozilla.org\/fr\/kb\/activer-desactiver-cookies?redirectlocale=fr&amp;redirectslug=Activer+et+d%C3%A9sactiver+les+cookies\">https:\/\/support.mozilla.org<\/a><\/p>\n\n\n\n<p>Safari :&nbsp;<a href=\"https:\/\/support.apple.com\/kb\/PH19214?locale=fr_FR&amp;viewlocale=fr_FR\">https:\/\/support.apple.com<\/a><\/p>\n\n\n\n<p>Opera :&nbsp;<a href=\"https:\/\/help.opera.com\/Windows\/10.20\/fr\/cookies.html\">https:\/\/help.opera.com<\/a><\/p>\n\n\n\n<p>Chrome :&nbsp;<a href=\"https:\/\/support.google.com\/chrome\/answer\/95647?hl=fr&amp;hlrm=en\">https:\/\/support.google.com<\/a><\/p>\n\n\n\n<p>IE :&nbsp;<a href=\"https:\/\/windows.microsoft.com\/fr-FR\/windows-vista\/Block-or-allow-cookies\">https:\/\/windows.microsoft.com<\/a><\/p>\n\n\n\n<h3 class=\"wp-block-heading\">DROIT APPLICABLE ET ATTRIBUTION DE JURIDICTION<\/h3>\n\n\n\n<p>Tout litige en relation avec l\u2019utilisation du site www.lacompagnieafacettes.fr est soumis au droit fran\u00e7ais. Il est fait attribution exclusive de juridiction aux tribunaux comp\u00e9tents.<\/p>\n\n\n\n<h3 class=\"wp-block-heading\">LES PRINCIPALES LOIS CONCERN\u00c9ES<\/h3>\n\n\n\n<p>Loi n\u00b0 78-87 du 6 janvier 1978, notamment modifi\u00e9e par la loi n\u00b0 2004-801 du 6 ao\u00fbt 2004 relative \u00e0 l\u2019informatique, aux fichiers et aux libert\u00e9s. Loi n\u00b0 2004-575 du 21 juin 2004 pour la confiance dans l\u2019\u00e9conomie num\u00e9rique.<\/p>\n\n\n\n<h3 class=\"wp-block-heading\">LEXIQUE<\/h3>\n\n\n\n<p>Utilisateur : Internaute se connectant, utilisant le site susnomm\u00e9. Informations personnelles : \u00ab les informations qui permettent, sous quelque forme que ce soit, directement ou non, l\u2019identification des personnes physiques auxquelles elles s\u2019appliquent \u00bb (article 4 de la loi n\u00b0 78-17 du 6 janvier 1978).<\/p>\n\n\n\n<hr class=\"wp-block-separator has-alpha-channel-opacity\"\/>\n","protected":false},"excerpt":{"rendered":"<p>DESCRIPTION DES SERVICES FOURNIS Le site www.lacompagnieafacettes.fr a pour objet &hellip;<\/p>\n","protected":false},"author":1,"featured_media":0,"parent":0,"menu_order":0,"comment_status":"closed","ping_status":"closed","template":"","meta":{"footnotes":""},"class_list":["post-106","page","type-page","status-publish","hentry"],"_links":{"self":[{"href":"https:\/\/lacompagnieafacettes.fr\/index.php\/wp-json\/wp\/v2\/pages\/106","targetHints":{"allow":["GET"]}}],"collection":[{"href":"https:\/\/lacompagnieafacettes.fr\/index.php\/wp-json\/wp\/v2\/pages"}],"about":[{"href":"https:\/\/lacompagnieafacettes.fr\/index.php\/wp-json\/wp\/v2\/types\/page"}],"author":[{"embeddable":true,"href":"https:\/\/lacompagnieafacettes.fr\/index.php\/wp-json\/wp\/v2\/users\/1"}],"replies":[{"embeddable":true,"href":"https:\/\/lacompagnieafacettes.fr\/index.php\/wp-json\/wp\/v2\/comments?post=106"}],"version-history":[{"count":5,"href":"https:\/\/lacompagnieafacettes.fr\/index.php\/wp-json\/wp\/v2\/pages\/106\/revisions"}],"predecessor-version":[{"id":925,"href":"https:\/\/lacompagnieafacettes.fr\/index.php\/wp-json\/wp\/v2\/pages\/106\/revisions\/925"}],"wp:attachment":[{"href":"https:\/\/lacompagnieafacettes.fr\/index.php\/wp-json\/wp\/v2\/media?parent=106"}],"curies":[{"name":"wp","href":"https:\/\/api.w.org\/{rel}","templated":true}]}}