{"id":108,"date":"2025-06-16T23:50:29","date_gmt":"2025-06-16T21:50:29","guid":{"rendered":"https:\/\/lacompagnieafacettes.fr\/?page_id=108"},"modified":"2026-01-21T13:19:02","modified_gmt":"2026-01-21T12:19:02","slug":"cgu","status":"publish","type":"page","link":"https:\/\/lacompagnieafacettes.fr\/index.php\/cgu\/","title":{"rendered":"CGU"},"content":{"rendered":"\n<h3 class=\"wp-block-heading\">LA COMPAGNIE \u00c0 FACETTES <\/h3>\n\n\n\n<p>T\u00e9l :&nbsp;06 07 25 20 26&nbsp;<\/p>\n\n\n\n<p>Email :&nbsp;<a href=\"mailto:compagnieafacettes@gmail.com\">compagnieafacettes@gmail.com<\/a><\/p>\n\n\n\n<p>Siret : <strong>824 881 122 00033<\/strong><br><br>Licence n\u00b0&nbsp;<strong>2-008124<\/strong>&nbsp;<\/p>\n\n\n\n<h3 class=\"wp-block-heading\">RESPONSABLE DE LA PUBLICATION DU SITE<\/h3>\n\n\n\n<p><strong>LA COMPAGNIE \u00c0 FACETTES<\/strong><\/p>\n\n\n\n<p>Le site www.lacompagnieafacettes.fr est actuellement h\u00e9berg\u00e9 par OVH.<\/p>\n\n\n\n<h3 class=\"wp-block-heading\">CONCEPTION &amp; R\u00c9ALISATION DU SITE INTERNET<\/h3>\n\n\n\n<p>Sabrina-Ambre Biller pour <a href=\"https:\/\/sabdesigner.com\" data-type=\"link\" data-id=\"https:\/\/sabdesigner.com\">SabDesigner<\/a> Email :&nbsp;<a href=\"mailto:bonjour@sabdesigner.com\">bonjour@sabdesigner.com<\/a><\/p>\n\n\n\n<h3 class=\"wp-block-heading\">CR\u00c9DIT PHOTOGRAPHIQUES<\/h3>\n\n\n\n<p>Aur\u00e9lia Martin&nbsp;<\/p>\n\n\n\n<h3 class=\"wp-block-heading\">TOUS DROITS R\u00c9SERV\u00c9S<\/h3>\n\n\n\n<p>Les images, illustrations, textes et vid\u00e9os diffus\u00e9s sur ce site sont la propri\u00e9t\u00e9 exclusive de <em>La compagnie \u00e0 facettes<\/em>, et ne peuvent en aucun cas \u00eatre diffus\u00e9s, stock\u00e9s, enregistr\u00e9s, r\u00e9utilis\u00e9s, retransmis, modifi\u00e9s et plus g\u00e9n\u00e9ralement utilis\u00e9s \u00e0 d\u2019autres fins ou d\u2019une autre mani\u00e8re que celles express\u00e9ment mentionn\u00e9es aux pr\u00e9sentes, sans l\u2019autorisation \u00e9crite pr\u00e9alable de l\u2019\u00e9diteur du site. La loi incrimine au titre du d\u00e9lit de contrefa\u00e7on toute reproduction, repr\u00e9sentation ou diffusion, par quelque moyen que ce soit, d\u2019une \u0153uvre de l\u2019esprit en violation des droits de l\u2019auteur, tels qu\u2019ils sont d\u00e9finis et r\u00e9glement\u00e9s par la loi (CPI, art L.335-3).<\/p>\n\n\n\n<h3 class=\"wp-block-heading\">LEXIQUE<\/h3>\n\n\n\n<p>Utilisateur : Internaute se connectant, utilisant le site susnomm\u00e9. Informations personnelles : \u00ab les informations qui permettent, sous quelque forme que ce soit, directement ou non, l\u2019identification des personnes physiques auxquelles elles s\u2019appliquent \u00bb (article 4 de la loi n\u00b0 78-17 du 6 janvier 1978).<\/p>\n","protected":false},"excerpt":{"rendered":"<p>LA COMPAGNIE \u00c0 FACETTES T\u00e9l :&nbsp;06 07 25 20 26&nbsp; &hellip;<\/p>\n","protected":false},"author":1,"featured_media":0,"parent":0,"menu_order":0,"comment_status":"closed","ping_status":"closed","template":"","meta":{"footnotes":""},"class_list":["post-108","page","type-page","status-publish","hentry"],"_links":{"self":[{"href":"https:\/\/lacompagnieafacettes.fr\/index.php\/wp-json\/wp\/v2\/pages\/108","targetHints":{"allow":["GET"]}}],"collection":[{"href":"https:\/\/lacompagnieafacettes.fr\/index.php\/wp-json\/wp\/v2\/pages"}],"about":[{"href":"https:\/\/lacompagnieafacettes.fr\/index.php\/wp-json\/wp\/v2\/types\/page"}],"author":[{"embeddable":true,"href":"https:\/\/lacompagnieafacettes.fr\/index.php\/wp-json\/wp\/v2\/users\/1"}],"replies":[{"embeddable":true,"href":"https:\/\/lacompagnieafacettes.fr\/index.php\/wp-json\/wp\/v2\/comments?post=108"}],"version-history":[{"count":11,"href":"https:\/\/lacompagnieafacettes.fr\/index.php\/wp-json\/wp\/v2\/pages\/108\/revisions"}],"predecessor-version":[{"id":923,"href":"https:\/\/lacompagnieafacettes.fr\/index.php\/wp-json\/wp\/v2\/pages\/108\/revisions\/923"}],"wp:attachment":[{"href":"https:\/\/lacompagnieafacettes.fr\/index.php\/wp-json\/wp\/v2\/media?parent=108"}],"curies":[{"name":"wp","href":"https:\/\/api.w.org\/{rel}","templated":true}]}}