{"id":110,"date":"2025-06-17T09:32:37","date_gmt":"2025-06-17T07:32:37","guid":{"rendered":"https:\/\/lacompagnieafacettes.fr\/?page_id=110"},"modified":"2025-11-18T23:52:15","modified_gmt":"2025-11-18T22:52:15","slug":"actus","status":"publish","type":"page","link":"https:\/\/lacompagnieafacettes.fr\/index.php\/actus\/","title":{"rendered":"Agenda"},"content":{"rendered":"\n<hr class=\"wp-block-separator alignfull has-alpha-channel-opacity\"\/>\n\n\n\n<div class=\"wp-block-columns is-layout-flex wp-container-core-columns-is-layout-9d6595d7 wp-block-columns-is-layout-flex\">\n<div class=\"wp-block-column is-layout-flow wp-block-column-is-layout-flow\" style=\"flex-basis:100%\">\n<div class=\"wp-block-group is-vertical is-layout-flex wp-container-core-group-is-layout-8cf370e7 wp-block-group-is-layout-flex\">\n<div class=\"wp-block-group is-content-justification-space-between is-nowrap is-layout-flex wp-container-core-group-is-layout-0dfbf163 wp-block-group-is-layout-flex\">\n<div class=\"wp-block-group is-vertical is-layout-flex wp-container-core-group-is-layout-8cf370e7 wp-block-group-is-layout-flex\">\n<div class=\"wp-block-group is-vertical is-layout-flex wp-container-core-group-is-layout-8cf370e7 wp-block-group-is-layout-flex\">\n<figure class=\"wp-block-image size-full is-resized\"><img decoding=\"async\" src=\"https:\/\/lacompagnieafacettes.fr\/wp-content\/uploads\/2025\/06\/AFFICHE_RIGODON_2006.png\" alt=\"\" class=\"wp-image-543\" style=\"width:253px;height:auto\"\/><\/figure>\n\n\n\n<p class=\"has-black-color has-text-color has-link-color wp-elements-b22f401c34fb5219755bc635fc9c762d\"><strong>SAISON 25\/26<\/strong><\/p>\n<\/div>\n\n\n\n<p>le <strong>19 d\u00e9cembre 2025 <\/strong>\u00e0 20h \u00e0 Bleupluriel, Tr\u00e9gueux (22)&nbsp;en partenariat&nbsp;avec l&rsquo;adij 22 et la sij de Tr\u00e9gueux.<\/p>\n\n\n\n<p style=\"font-size:18px\">\u00c0 partir de 14 ans. Ouverture des portes \u00e0 19h30.<\/p>\n\n\n\n<details class=\"wp-block-details is-layout-flow wp-block-details-is-layout-flow\" style=\"font-size:14px\"><summary><em>Cette repr\u00e9sentation s&rsquo;int\u00e8gre dans le cadre d&rsquo;un projet&nbsp;d&rsquo;ateliers de pr\u00e9vention des violences sexistes et sexuelles avec les jeunes de la SIJ de Tr\u00e9gueux,&nbsp;men\u00e9s en partenariat avec l&rsquo;ADIJ 22 et&nbsp;la Compagnie \u00e0 facettes.<\/em><br><br><\/summary>\n<p><\/p>\n<\/details>\n<\/div>\n\n\n\n<figure class=\"wp-block-gallery has-nested-images columns-default is-cropped wp-block-gallery-1 is-layout-flex wp-block-gallery-is-layout-flex\">\n<figure class=\"wp-block-image size-large\"><img loading=\"lazy\" decoding=\"async\" width=\"726\" height=\"1024\" data-id=\"798\" src=\"https:\/\/lacompagnieafacettes.fr\/wp-content\/uploads\/2025\/11\/FLYER-RIGODON-A6-18NOV25-01-726x1024.jpg\" alt=\"\" class=\"wp-image-798\" srcset=\"https:\/\/lacompagnieafacettes.fr\/wp-content\/uploads\/2025\/11\/FLYER-RIGODON-A6-18NOV25-01-726x1024.jpg 726w, https:\/\/lacompagnieafacettes.fr\/wp-content\/uploads\/2025\/11\/FLYER-RIGODON-A6-18NOV25-01-213x300.jpg 213w, https:\/\/lacompagnieafacettes.fr\/wp-content\/uploads\/2025\/11\/FLYER-RIGODON-A6-18NOV25-01-768x1083.jpg 768w, https:\/\/lacompagnieafacettes.fr\/wp-content\/uploads\/2025\/11\/FLYER-RIGODON-A6-18NOV25-01-1090x1536.jpg 1090w, https:\/\/lacompagnieafacettes.fr\/wp-content\/uploads\/2025\/11\/FLYER-RIGODON-A6-18NOV25-01-350x493.jpg 350w, https:\/\/lacompagnieafacettes.fr\/wp-content\/uploads\/2025\/11\/FLYER-RIGODON-A6-18NOV25-01-650x916.jpg 650w, https:\/\/lacompagnieafacettes.fr\/wp-content\/uploads\/2025\/11\/FLYER-RIGODON-A6-18NOV25-01-1000x1410.jpg 1000w, https:\/\/lacompagnieafacettes.fr\/wp-content\/uploads\/2025\/11\/FLYER-RIGODON-A6-18NOV25-01.jpg 1240w\" sizes=\"auto, (max-width: 726px) 100vw, 726px\" \/><\/figure>\n<\/figure>\n<\/div>\n<\/div>\n<\/div>\n<\/div>\n<div class=\"bm-builder clearfix \"><div id=\"\" class=\"module col-10 module-id-1759936800321 col-offset-0\" data-module-col=\"10\"><div class=\"module-inside text-inside\" style=\"--top-mod: 0px;--bottom-mod: 0px;--top-mod-t: 0px;--bottom-mod-t: 0px;--top-mod-m:0px;--bottom-mod-m:0px;\" ><div class=\"text_block_out\"  data-effect=\"standard\" style=\"\"><div class=\"text_block ux-mod-nobg\"><div class=\"text_block_inn\"><div id=\"text-1759936800321\" class=\"text_block_centered text_block_centered_enable_width\"  style=\"\"><p>Pour r\u00e9server en ligne&nbsp;<\/p>\n<p>ou par mail \u00e0 : <a href=\"mailto:rigodon.contact@gmail.com\">rigodon.contact@gmail.com<\/a><\/p><\/div><\/div><\/div><\/div><\/div><\/div><div id=\"\" class=\"module col-2 module-id-1759936625216 module-animation\" data-module-col=\"2\"><div class=\"module-inside button-inside\" style=\"--top-mod: 0px;--bottom-mod: 0px;--top-mod-t: 0px;--bottom-mod-t: 0px;--top-mod-m:0px;--bottom-mod-m:0px;\" ><div class=\"btn-mod-wrap btn-1759936625216 btn-left btn-left-m ux-horizontal ux-btn-wrap-regular\" style=\"\"><a class=\"ux-btn ux-btn-a-0 ux-cb-btn-1759936625216_0 fadeInM \" style=\"--fontsizeBtn: 16px;--fontsizeBtnT: 16px;--fontsizeBtnM: 14px;--lineHeightBtn: 1.5;--letterSpacingBtn: normal;\" href=\"\" target=\"_self\" rel=\" \" data-animation=\"fadein\"><span class=\"ux-btn-text-wrap\"><span class=\"ux-btn-text\">R\u00c9SERVATION<\/span><\/span><\/a><\/div><\/div><\/div><div id=\"\" class=\"module col-12 module-id-1759937112136\" data-module-col=\"12\"><div class=\"module-inside tabs-inside\" style=\"--top-mod: 0px;--bottom-mod: 0px;--top-mod-t: 0px;--bottom-mod-t: 0px;--top-mod-m:0px;--bottom-mod-m:0px;\" ><div class=\"sea-tabs tabs-1759937112136    \" data-animation=\"fadein\" style=\"\"><ul class=\"sea-nav\"><\/ul><div class=\"sea-tab-content\"><\/div><\/div><\/div><\/div><div id=\"\" class=\"module col-12 module-id-1759937093769\" data-module-col=\"12\"><div class=\"module-inside masonry-grid-inside\" style=\"--top-mod: 0px;--bottom-mod: 0px;--top-mod-t: 0px;--bottom-mod-t: 0px;--top-mod-m:0px;--bottom-mod-m:0px;\" ><div class=\"ux-portfolio-full bm-masonry-grid \" data-found=\"0\" data-number=\"-1\"><div class=\"grid-stack grid-stack-1759937093769       hidden   \" data-spacing-h=\"0\" data-spacing-v=\"0\" data-spacing-mobile-h=\"0\" data-spacing-mobile-v=\"0\" data-item-style=\"\" data-number=\"-1\" data-unique=\"1759937093769\" ><\/div><\/div><\/div><\/div><\/div>","protected":false},"excerpt":{"rendered":"<p>SAISON 25\/26 le 19 d\u00e9cembre 2025 \u00e0 20h \u00e0 Bleupluriel, &hellip;<\/p>\n","protected":false},"author":1,"featured_media":0,"parent":0,"menu_order":0,"comment_status":"closed","ping_status":"closed","template":"","meta":{"footnotes":""},"class_list":["post-110","page","type-page","status-publish","hentry"],"_links":{"self":[{"href":"https:\/\/lacompagnieafacettes.fr\/index.php\/wp-json\/wp\/v2\/pages\/110","targetHints":{"allow":["GET"]}}],"collection":[{"href":"https:\/\/lacompagnieafacettes.fr\/index.php\/wp-json\/wp\/v2\/pages"}],"about":[{"href":"https:\/\/lacompagnieafacettes.fr\/index.php\/wp-json\/wp\/v2\/types\/page"}],"author":[{"embeddable":true,"href":"https:\/\/lacompagnieafacettes.fr\/index.php\/wp-json\/wp\/v2\/users\/1"}],"replies":[{"embeddable":true,"href":"https:\/\/lacompagnieafacettes.fr\/index.php\/wp-json\/wp\/v2\/comments?post=110"}],"version-history":[{"count":51,"href":"https:\/\/lacompagnieafacettes.fr\/index.php\/wp-json\/wp\/v2\/pages\/110\/revisions"}],"predecessor-version":[{"id":800,"href":"https:\/\/lacompagnieafacettes.fr\/index.php\/wp-json\/wp\/v2\/pages\/110\/revisions\/800"}],"wp:attachment":[{"href":"https:\/\/lacompagnieafacettes.fr\/index.php\/wp-json\/wp\/v2\/media?parent=110"}],"curies":[{"name":"wp","href":"https:\/\/api.w.org\/{rel}","templated":true}]}}