{"id":115,"date":"2025-06-17T09:33:52","date_gmt":"2025-06-17T07:33:52","guid":{"rendered":"https:\/\/lacompagnieafacettes.fr\/?page_id=115"},"modified":"2025-06-23T12:51:34","modified_gmt":"2025-06-23T10:51:34","slug":"compagnie","status":"publish","type":"page","link":"https:\/\/lacompagnieafacettes.fr\/index.php\/compagnie\/","title":{"rendered":"La compagnie"},"content":{"rendered":"\n<div class=\"wp-block-group alignfull\"><div class=\"wp-block-group__inner-container is-layout-constrained wp-block-group-is-layout-constrained\">\n<hr class=\"wp-block-separator alignfull has-alpha-channel-opacity\"\/>\n\n\n\n<figure class=\"wp-block-image alignfull size-large\"><img loading=\"lazy\" decoding=\"async\" width=\"1024\" height=\"670\" src=\"https:\/\/lacompagnieafacettes.fr\/wp-content\/uploads\/2025\/06\/IMG_3554-1024x670.jpg\" alt=\"\" class=\"wp-image-133\" srcset=\"https:\/\/lacompagnieafacettes.fr\/wp-content\/uploads\/2025\/06\/IMG_3554-1024x670.jpg 1024w, https:\/\/lacompagnieafacettes.fr\/wp-content\/uploads\/2025\/06\/IMG_3554-300x196.jpg 300w, https:\/\/lacompagnieafacettes.fr\/wp-content\/uploads\/2025\/06\/IMG_3554-768x502.jpg 768w, https:\/\/lacompagnieafacettes.fr\/wp-content\/uploads\/2025\/06\/IMG_3554-1536x1005.jpg 1536w, https:\/\/lacompagnieafacettes.fr\/wp-content\/uploads\/2025\/06\/IMG_3554-2048x1339.jpg 2048w, https:\/\/lacompagnieafacettes.fr\/wp-content\/uploads\/2025\/06\/IMG_3554-350x229.jpg 350w, https:\/\/lacompagnieafacettes.fr\/wp-content\/uploads\/2025\/06\/IMG_3554-650x425.jpg 650w, https:\/\/lacompagnieafacettes.fr\/wp-content\/uploads\/2025\/06\/IMG_3554-1000x654.jpg 1000w, https:\/\/lacompagnieafacettes.fr\/wp-content\/uploads\/2025\/06\/IMG_3554-2000x1308.jpg 2000w\" sizes=\"auto, (max-width: 1024px) 100vw, 1024px\" \/><\/figure>\n\n\n\n<p><\/p>\n\n\n\n<p class=\"has-text-align-center has-black-color has-text-color has-link-color wp-elements-a16bf5601fefb5be15fc88d393ab5c2a\">\u00ab\u00a0Nous cr\u00e9ons des spectacles, comme des reflets du monde. <br>Comme un miroir tendu \u00e0 soi, et \u00e0 chacun d&rsquo;entre nous. <br>Un th\u00e9\u00e2tre accessible, ancr\u00e9 dans le r\u00e9el\u00a0<br>&#8211; <em>simple et profond, po\u00e9tique et sinc\u00e8re.\u00a0<\/em><br>Un th\u00e9\u00e2tre qui \u00e9claire les contradictions de nos vies et qui, peut-\u00eatre, ouvre la voie \u00e0 des transformations. <br>C&rsquo;est cela que nous portons. Dans nos mots. Sur sc\u00e8ne. Aupr\u00e8s de nos publics.\u00a0\u00bb<\/p>\n\n\n\n<hr class=\"wp-block-separator has-text-color has-alpha-channel-opacity has-background is-style-wide\" style=\"background-color:#2848ff;color:#2848ff\"\/>\n<\/div><\/div>\n\n\n\n<div class=\"wp-block-group is-content-justification-center is-nowrap is-layout-flex wp-container-core-group-is-layout-94bc23d7 wp-block-group-is-layout-flex\">\n<div class=\"wp-block-group is-vertical is-layout-flex wp-container-core-group-is-layout-8cf370e7 wp-block-group-is-layout-flex\">\n<div class=\"wp-block-group is-vertical is-layout-flex wp-container-core-group-is-layout-8cf370e7 wp-block-group-is-layout-flex\">\n<p><\/p>\n<\/div>\n<\/div>\n\n\n\n<figure class=\"wp-block-image size-full is-resized\"><img loading=\"lazy\" decoding=\"async\" width=\"1014\" height=\"279\" src=\"https:\/\/lacompagnieafacettes.fr\/wp-content\/uploads\/2025\/06\/compagnieafacette-logo.jpg\" alt=\"\" class=\"wp-image-94\" style=\"width:320px;height:auto\" srcset=\"https:\/\/lacompagnieafacettes.fr\/wp-content\/uploads\/2025\/06\/compagnieafacette-logo.jpg 1014w, https:\/\/lacompagnieafacettes.fr\/wp-content\/uploads\/2025\/06\/compagnieafacette-logo-300x83.jpg 300w, https:\/\/lacompagnieafacettes.fr\/wp-content\/uploads\/2025\/06\/compagnieafacette-logo-768x211.jpg 768w, https:\/\/lacompagnieafacettes.fr\/wp-content\/uploads\/2025\/06\/compagnieafacette-logo-350x96.jpg 350w, https:\/\/lacompagnieafacettes.fr\/wp-content\/uploads\/2025\/06\/compagnieafacette-logo-650x179.jpg 650w, https:\/\/lacompagnieafacettes.fr\/wp-content\/uploads\/2025\/06\/compagnieafacette-logo-1000x275.jpg 1000w\" sizes=\"auto, (max-width: 1014px) 100vw, 1014px\" \/><\/figure>\n<\/div>\n\n\n\n<p><\/p>\n\n\n\n<p>Une compagnie \u00e9mergente de th\u00e9\u00e2tre vivant &#8211; engag\u00e9e et engageante.\u00a0<br>Cr\u00e9\u00e9e en 2016 par Adeline Messiaen, autrice, metteuse en sc\u00e8ne et com\u00e9dienne.<br>Ancr\u00e9e dans ses racines des Hauts-de-France, n\u00e9e en Ile-de-France,\u00a0aujourd&rsquo;hui implant\u00e9e dans les C\u00f4tes-d&rsquo;Armor,\u00a0la compagnie revendique une port\u00e9e sans limite territoriale.<br>Depuis 2024, la compagnie d\u00e9veloppe la nouvelle pi\u00e8ce <strong><a href=\"https:\/\/lacompagnieafacettes.fr\/index.php\/creations\/\" target=\"_blank\" rel=\"noreferrer noopener\"><strong>\u00ab\u00a0RIGODON\u00a0\u00bb\u00a0<\/strong><\/a><\/strong>.<br>Elle a d\u00e9j\u00e0 soutenu et produit \u00ab\u00a0<em>Pourquoi les filles(&#8230;)<\/em>\u00a0\u00bb en 2016-17, de la m\u00eame autrice et metteuse en sc\u00e8ne.\u00a0<\/p>\n\n\n\n<div class=\"wp-block-group is-vertical is-layout-flex wp-container-core-group-is-layout-8cf370e7 wp-block-group-is-layout-flex\">\n<h4 class=\"wp-block-heading\"><strong style=\"white-space: normal;\">Reconnue d&rsquo;int\u00e9r\u00eat g\u00e9n\u00e9ral<\/strong><\/h4>\n\n\n\n<p>Nous cherchons \u00e0 faire vivre notre th\u00e9\u00e2tre au-del\u00e0 de la sc\u00e8ne. Nous l&rsquo;utilisons comme un outil de sensibilisation, de pr\u00e9vention et d&rsquo;\u00e9ducation, \u00e0 travers des&nbsp;<strong>actions culturelles<\/strong>&nbsp;qui prolongent nos th\u00e9matiques dans le r\u00e9el. Consciente de l\u2019impact environnemental de notre activit\u00e9, la Compagnie \u00e0 Facettes a aussi la vocation sinc\u00e8re de travailler dans une d\u00e9marche responsable, respectueuse, inclusive et \u00e9cologique.<\/p>\n<\/div>\n","protected":false},"excerpt":{"rendered":"<p>\u00ab\u00a0Nous cr\u00e9ons des spectacles, comme des reflets du monde. Comme &hellip;<\/p>\n","protected":false},"author":1,"featured_media":0,"parent":0,"menu_order":0,"comment_status":"closed","ping_status":"closed","template":"","meta":{"footnotes":""},"class_list":["post-115","page","type-page","status-publish","hentry"],"_links":{"self":[{"href":"https:\/\/lacompagnieafacettes.fr\/index.php\/wp-json\/wp\/v2\/pages\/115","targetHints":{"allow":["GET"]}}],"collection":[{"href":"https:\/\/lacompagnieafacettes.fr\/index.php\/wp-json\/wp\/v2\/pages"}],"about":[{"href":"https:\/\/lacompagnieafacettes.fr\/index.php\/wp-json\/wp\/v2\/types\/page"}],"author":[{"embeddable":true,"href":"https:\/\/lacompagnieafacettes.fr\/index.php\/wp-json\/wp\/v2\/users\/1"}],"replies":[{"embeddable":true,"href":"https:\/\/lacompagnieafacettes.fr\/index.php\/wp-json\/wp\/v2\/comments?post=115"}],"version-history":[{"count":74,"href":"https:\/\/lacompagnieafacettes.fr\/index.php\/wp-json\/wp\/v2\/pages\/115\/revisions"}],"predecessor-version":[{"id":696,"href":"https:\/\/lacompagnieafacettes.fr\/index.php\/wp-json\/wp\/v2\/pages\/115\/revisions\/696"}],"wp:attachment":[{"href":"https:\/\/lacompagnieafacettes.fr\/index.php\/wp-json\/wp\/v2\/media?parent=115"}],"curies":[{"name":"wp","href":"https:\/\/api.w.org\/{rel}","templated":true}]}}