{"id":79,"date":"2025-06-16T12:35:28","date_gmt":"2025-06-16T10:35:28","guid":{"rendered":"https:\/\/lacompagnieafacettes.fr\/?page_id=79"},"modified":"2026-01-21T13:04:40","modified_gmt":"2026-01-21T12:04:40","slug":"accueil","status":"publish","type":"page","link":"https:\/\/lacompagnieafacettes.fr\/","title":{"rendered":"Accueil"},"content":{"rendered":"<div class=\"bm-builder clearfix \"><div id=\"\" class=\"module col-0 module-id-1750066876915 bm-wrap row-middle row-equal_spacing_h\" data-module-col=\"0\" data-change-color=\"off\" data-backcolor=\"transparent\" data-frontcolor=\"\" data-logocolor=\"\" data-goto-top=\"off\" data-goto-top-spacing=\"0\" data-goto-disable-m=\"off\" data-groupsameheight=\"off\"><div class=\"module-inside group-inside\" style=\"--cornerRadius:0px 0px 0px 0px ; --top-mod: 40px;--bottom-mod: 40px;--top-mod-t: 40px;--bottom-mod-t: 40px;--top-mod-m:20px;--bottom-mod-m:60px;\" ><div class=\"background-video\" style=\"--maskOpacity:0.3;--maskColor:#1d00ff;\"><video style=\"\" class=\"lazy\" loop autoplay muted playsinline><source data-src=\"http:\/\/lacompagnieafacettes.fr\/wp-content\/uploads\/2025\/06\/bouleafacettes.mp4\" type=\"video\/mp4\"><\/video><\/div><div id=\"\" class=\"module col-0 module-id-1750066877491 module-animation col-offset-3\" data-module-col=\"0\"><div class=\"module-inside text-inside\" style=\"--top-mod: 0px;--bottom-mod: 60px;--top-mod-t: 0px;--bottom-mod-t: 60px;--top-mod-m:0px;--bottom-mod-m:40px;\" ><div class=\"text_block_out\" data-animation=\"rotate-downleft\" data-effect=\"standard\" style=\"\"><div class=\"text_block ux-mod-nobg\"><div class=\"text_block_inn\"><div id=\"text-1750066877491\" class=\"text_block_centered text_block_centered_enable_width\"  style=\"\"><h2 style=\"text-align: center;\"><span style=\"color: #ffffff;\"><strong><em>Comme des \u00e9clats du monde&nbsp;<\/em><\/strong><\/span><\/h2>\n<h2 style=\"text-align: center;\"><span style=\"color: #ffffff;\"><strong><em>&nbsp;&nbsp;&nbsp;&nbsp;&nbsp;&nbsp;&nbsp;&nbsp;&nbsp;&nbsp;&nbsp;&nbsp;&nbsp;&nbsp;&nbsp;&nbsp;&nbsp;&nbsp;&nbsp;&nbsp;&nbsp;&nbsp;&nbsp; un fragment du r\u00e9el&nbsp;<\/em><\/strong><\/span><\/h2>\n<h2 style=\"text-align: center;\"><span style=\"color: #ffffff;\"><strong><em>&nbsp;&nbsp;&nbsp;&nbsp;&nbsp;&nbsp;&nbsp;&nbsp;&nbsp;&nbsp;&nbsp;&nbsp;&nbsp;&nbsp;&nbsp;&nbsp;&nbsp;&nbsp;&nbsp;&nbsp;&nbsp;&nbsp;&nbsp;&nbsp;&nbsp;&nbsp;&nbsp;&nbsp;&nbsp;&nbsp;&nbsp;&nbsp;&nbsp;&nbsp;&nbsp;&nbsp;&nbsp;&nbsp;&nbsp;&nbsp;&nbsp;&nbsp;&nbsp;&nbsp;&nbsp;&nbsp; un reflet sensible&nbsp;<\/em><\/strong><\/span><\/h2><\/div><\/div><\/div><\/div><\/div><\/div><\/div><\/div><div id=\"\" class=\"module col-12 module-id-1768922118997H85bM bm-wrap row-top row-left bm-wrap-height-auto\" data-module-col=\"12\" data-change-color=\"off\" data-backcolor=\"transparent\" data-frontcolor=\"\" data-logocolor=\"\" data-goto-top=\"off\" data-goto-top-spacing=\"0\" data-goto-disable-m=\"off\" data-groupsameheight=\"off\"><div class=\"module-inside group-inside\" style=\"--top-mod: 80px;--bottom-mod: 0px;--top-mod-t: 80px;--bottom-mod-t: 0px;--top-mod-m:40px;--bottom-mod-m:60px;\" ><div id=\"\" class=\"module col-10 module-id-176892212047Ja8B\" data-module-col=\"10\"><div class=\"module-inside text-inside\" style=\"--top-mod: 0px;--bottom-mod: 0px;--top-mod-t: 0px;--bottom-mod-t: 0px;--top-mod-m:0px;--bottom-mod-m:0px;\" ><div class=\"text_block_out\"  data-effect=\"standard\" style=\"\"><div class=\"text_block ux-mod-nobg\"><div class=\"text_block_inn\"><div id=\"text-176892212047Ja8B\" class=\"text_block_centered text_block_centered_enable_width\"  style=\"\"><h1><span style=\"color: #0000ff;\">Agenda <\/span><\/h1><\/div><\/div><\/div><\/div><\/div><\/div><div id=\"\" class=\"module col-12 module-id-1768922119596YFtVt\" data-module-col=\"12\"><div class=\"module-inside divide-inside\" style=\"--top-mod: 20px;--bottom-mod: 0px;--top-mod-t: 20px;--bottom-mod-t: 0px;--top-mod-m:10px;--bottom-mod-m:0px;\" ><div class=\"sea-divide divide-line ux-mod-nobg\" ><\/div><\/div><\/div><\/div><\/div><div id=\"\" class=\"module col-5 module-id-1768921321629HCDzt bm-wrap row-top row-left bm-wrap-height-auto\" data-module-col=\"5\" data-change-color=\"off\" data-backcolor=\"transparent\" data-frontcolor=\"\" data-logocolor=\"\" data-goto-top=\"off\" data-goto-top-spacing=\"0\" data-goto-disable-m=\"off\" data-groupsameheight=\"off\"><div class=\"module-inside group-inside\" style=\"--top-mod: 0px;--bottom-mod: 0px;--top-mod-t: 0px;--bottom-mod-t: 0px;--top-mod-m:0px;--bottom-mod-m:40px;\" ><div id=\"\" class=\"module col-5 module-id-1768922127263DNkSa\" data-module-col=\"5\"><div class=\"module-inside single-image-inside\" style=\"--cornerRadius:0px 0px 0px 0px ; --top-mod: 0px;--bottom-mod: 0px;--top-mod-t: 0px;--bottom-mod-t: 0px;--top-mod-m:0px;--bottom-mod-m:0px;\" ><div class=\"single-image-out  \"  ><figure class=\"single-image   single-image-full   \" no><div class=\"ux-hover-wrap anima-wrap\" style=\"padding-top: 66.666666666667%;\"><a class=\"ux-hover-wrap-a\" href=\"https:\/\/lacompagnieafacettes.fr\/index.php\/actus\/\" target=\"_self\" rel=\" \"><img loading=\"lazy\" decoding=\"async\" alt=\"DSCF2561\" class=\"single-image-img img1st lazy \" src=\"data:image\/gif;base64,R0lGODlhAQABAIAAAAAAAP\/\/\/yH5BAEAAAAALAAAAAABAAEAAAIBRAA7\" data-src=\"https:\/\/lacompagnieafacettes.fr\/wp-content\/uploads\/2026\/01\/DSCF2561-scaled-e1768864591405.jpg\" data-srcset=\"https:\/\/lacompagnieafacettes.fr\/wp-content\/uploads\/2026\/01\/DSCF2561-scaled-e1768864591405.jpg 1536w, https:\/\/lacompagnieafacettes.fr\/wp-content\/uploads\/2026\/01\/DSCF2561-scaled-e1768864591405-300x200.jpg 300w, https:\/\/lacompagnieafacettes.fr\/wp-content\/uploads\/2026\/01\/DSCF2561-scaled-e1768864591405-1024x683.jpg 1024w, https:\/\/lacompagnieafacettes.fr\/wp-content\/uploads\/2026\/01\/DSCF2561-scaled-e1768864591405-768x512.jpg 768w, https:\/\/lacompagnieafacettes.fr\/wp-content\/uploads\/2026\/01\/DSCF2561-scaled-e1768864591405-350x233.jpg 350w, https:\/\/lacompagnieafacettes.fr\/wp-content\/uploads\/2026\/01\/DSCF2561-scaled-e1768864591405-650x433.jpg 650w, https:\/\/lacompagnieafacettes.fr\/wp-content\/uploads\/2026\/01\/DSCF2561-scaled-e1768864591405-1000x667.jpg 1000w\" data-sizes=\"(max-width: 480px) 320px,(max-width: 767px) 500px,(max-width: 1536px) 100vw, 1536px\" width=\"1536\" height=\"1024\" \/><\/a><\/div><\/figure><\/div><\/div><\/div><\/div><\/div><div id=\"\" class=\"module col-6 module-id-1768921316079RWQVq bm-wrap row-top row-left bm-wrap-height-auto\" data-module-col=\"6\" data-change-color=\"off\" data-backcolor=\"transparent\" data-frontcolor=\"\" data-logocolor=\"\" data-goto-top=\"off\" data-goto-top-spacing=\"0\" data-goto-disable-m=\"off\" data-groupsameheight=\"off\"><div class=\"module-inside group-inside\" style=\"--top-mod: 20px;--bottom-mod: 40px;--top-mod-t: 20px;--bottom-mod-t: 40px;--top-mod-m:10px;--bottom-mod-m:30px;\" ><div id=\"\" class=\"module col-5 module-id-17689213166879CtYM\" data-module-col=\"5\"><div class=\"module-inside text-inside\" style=\"--top-mod: 0px;--bottom-mod: 0px;--top-mod-t: 0px;--bottom-mod-t: 0px;--top-mod-m:0px;--bottom-mod-m:0px;\" ><div class=\"text_block_out\"  data-effect=\"standard\" style=\"\"><div class=\"text_block ux-mod-nobg\"><div class=\"text_block_inn\"><div id=\"text-17689213166879CtYM\" class=\"text_block_centered text_block_centered_enable_width\"  style=\"\"><p><img loading=\"lazy\" decoding=\"async\" class=\"img-in-text\" src=\"http:\/\/lacompagnieafacettes.fr\/wp-content\/uploads\/2025\/06\/AFFICHE_RIGODON_2006.png\" alt=\"AFFICHE_RIGODON_2006\" width=\"359\" height=\"97\"><\/p><\/div><\/div><\/div><\/div><\/div><\/div><div id=\"\" class=\"module col-5 module-id-17689213166927Yglm\" data-module-col=\"5\"><div class=\"module-inside text-inside\" style=\"--top-mod: 0px;--bottom-mod: 0px;--top-mod-t: 0px;--bottom-mod-t: 0px;--top-mod-m:0px;--bottom-mod-m:0px;\" ><div class=\"text_block_out\"  data-effect=\"standard\" style=\"\"><div class=\"text_block ux-mod-nobg\"><div class=\"text_block_inn\"><div id=\"text-17689213166927Yglm\" class=\"text_block_centered text_block_centered_enable_width\"  style=\"\"><div class=\"wp-block-group is-vertical is-layout-flex wp-container-core-group-is-layout-8cf370e7 wp-block-group-is-layout-flex\">\n<p class=\"has-text-color has-link-color wp-elements-5371b153c29922c6e94912c4de40071f\"><strong>SAISON 25\/26<\/strong><\/p>\n<\/div><\/div><\/div><\/div><\/div><\/div><\/div><div id=\"\" class=\"module col-6 module-id-176892131669421KsQ\" data-module-col=\"6\"><div class=\"module-inside text-inside\" style=\"--top-mod: 0px;--bottom-mod: 0px;--top-mod-t: 0px;--bottom-mod-t: 0px;--top-mod-m:0px;--bottom-mod-m:0px;\" ><div class=\"text_block_out\"  data-effect=\"standard\" style=\"\"><div class=\"text_block ux-mod-nobg\"><div class=\"text_block_inn\"><div id=\"text-176892131669421KsQ\" class=\"text_block_centered text_block_centered_enable_width\"  style=\"\"><ul class=\"wp-block-list\">\n<li>le <strong>19 d\u00e9cembre 2025 <\/strong>\u00e0 20h \u00e0 Bleupluriel, Tr\u00e9gueux (22) en partenariat avec l\u2019adij 22 et la sij de Tr\u00e9gueux.<\/li>\n<\/ul><\/div><\/div><\/div><\/div><\/div><\/div><div id=\"\" class=\"module col-6 module-id-1768921316697Iqn9a\" data-module-col=\"6\"><div class=\"module-inside button-inside\" style=\"--top-mod: 0px;--bottom-mod: 0px;--top-mod-t: 0px;--bottom-mod-t: 0px;--top-mod-m:0px;--bottom-mod-m:0px;\" ><div class=\"btn-mod-wrap btn-1768921316697Iqn9a btn-right btn-right-m ux-horizontal ux-btn-wrap-regular\" style=\"\"><a class=\"ux-btn ux-btn-a-0 ux-cb-btn-1768921316697Iqn9a_0 fadeInM \" style=\"--fontsizeBtn: 14px;--fontsizeBtnT: 16px;--fontsizeBtnM: 14px;--lineHeightBtn: 1.5;--letterSpacingBtn: normal;\" href=\"https:\/\/www.helloasso.com\/associations\/la-compagnie-a-facettes\/evenements\/rigodon\" target=\"_self\" rel=\" \" ><span class=\"ux-btn-text-wrap\"><span class=\"ux-btn-text\">R\u00e9server<\/span><\/span><\/a><\/div><\/div><\/div><\/div><\/div><div id=\"\" class=\"module col-6 module-id-1768922152630asTjp bm-wrap row-top row-left bm-wrap-height-auto\" data-module-col=\"6\" data-change-color=\"off\" data-backcolor=\"transparent\" data-frontcolor=\"\" data-logocolor=\"\" data-goto-top=\"off\" data-goto-top-spacing=\"0\" data-goto-disable-m=\"off\" data-groupsameheight=\"off\"><div class=\"module-inside group-inside\" style=\"--top-mod: 20px;--bottom-mod: 40px;--top-mod-t: 20px;--bottom-mod-t: 40px;--top-mod-m:10px;--bottom-mod-m:30px;\" ><\/div><\/div><div id=\"\" class=\"module col-12 module-id-17689212983495dj6C bm-wrap row-top row-left bm-wrap-height-auto\" data-module-col=\"12\" data-change-color=\"off\" data-backcolor=\"transparent\" data-frontcolor=\"\" data-logocolor=\"\" data-goto-top=\"off\" data-goto-top-spacing=\"0\" data-goto-disable-m=\"off\" data-groupsameheight=\"off\"><div class=\"module-inside group-inside\" style=\"--top-mod: 80px;--bottom-mod: 0px;--top-mod-t: 80px;--bottom-mod-t: 0px;--top-mod-m:40px;--bottom-mod-m:50px;\" ><div id=\"\" class=\"module col-10 module-id-1768921298904nY6in\" data-module-col=\"10\"><div class=\"module-inside text-inside\" style=\"--top-mod: 0px;--bottom-mod: 0px;--top-mod-t: 0px;--bottom-mod-t: 0px;--top-mod-m:0px;--bottom-mod-m:0px;\" ><div class=\"text_block_out\"  data-effect=\"standard\" style=\"\"><div class=\"text_block ux-mod-nobg\"><div class=\"text_block_inn\"><div id=\"text-1768921298904nY6in\" class=\"text_block_centered text_block_centered_enable_width\"  style=\"\"><h1><span style=\"color: #0000ff;\">Les cr\u00e9ations<\/span><\/h1><\/div><\/div><\/div><\/div><\/div><\/div><div id=\"\" class=\"module col-12 module-id-1768921298909V8MYK\" data-module-col=\"12\"><div class=\"module-inside divide-inside\" style=\"--top-mod: 20px;--bottom-mod: 0px;--top-mod-t: 20px;--bottom-mod-t: 0px;--top-mod-m:10px;--bottom-mod-m:0px;\" ><div class=\"sea-divide divide-line ux-mod-nobg\" ><\/div><\/div><\/div><\/div><\/div><div id=\"\" class=\"module col-5 module-id-1768920452209 bm-wrap row-top row-left bm-wrap-height-auto\" data-module-col=\"5\" data-change-color=\"off\" data-backcolor=\"transparent\" data-frontcolor=\"\" data-logocolor=\"\" data-goto-top=\"off\" data-goto-top-spacing=\"0\" data-goto-disable-m=\"off\" data-groupsameheight=\"off\"><div class=\"module-inside group-inside\" style=\"--top-mod: 0px;--bottom-mod: 0px;--top-mod-t: 0px;--bottom-mod-t: 0px;--top-mod-m:0px;--bottom-mod-m:40px;\" ><div id=\"\" class=\"module col-5 module-id-1768920452482\" data-module-col=\"5\"><div class=\"module-inside single-image-inside\" style=\"--cornerRadius:0px 0px 0px 0px ; --top-mod: 0px;--bottom-mod: 0px;--top-mod-t: 0px;--bottom-mod-t: 0px;--top-mod-m:0px;--bottom-mod-m:0px;\" ><div class=\"single-image-out  \"  ><figure class=\"single-image   single-image-full   \" no><div class=\"ux-hover-wrap anima-wrap\" style=\"padding-top: 66.5234375%;\"><a class=\"ux-hover-wrap-a\" href=\"https:\/\/lacompagnieafacettes.fr\/index.php\/creations\/\" target=\"_self\" rel=\" \"><img loading=\"lazy\" decoding=\"async\" alt=\"TXT\" class=\"single-image-img img1st lazy \" src=\"data:image\/gif;base64,R0lGODlhAQABAIAAAAAAAP\/\/\/yH5BAEAAAAALAAAAAABAAEAAAIBRAA7\" data-src=\"https:\/\/lacompagnieafacettes.fr\/wp-content\/uploads\/2025\/06\/AFFICHE_RIGODON_2006-scaled.jpg\" data-srcset=\"https:\/\/lacompagnieafacettes.fr\/wp-content\/uploads\/2025\/06\/AFFICHE_RIGODON_2006-scaled.jpg 2560w, https:\/\/lacompagnieafacettes.fr\/wp-content\/uploads\/2025\/06\/AFFICHE_RIGODON_2006-300x200.jpg 300w, https:\/\/lacompagnieafacettes.fr\/wp-content\/uploads\/2025\/06\/AFFICHE_RIGODON_2006-1024x681.jpg 1024w, https:\/\/lacompagnieafacettes.fr\/wp-content\/uploads\/2025\/06\/AFFICHE_RIGODON_2006-768x511.jpg 768w, https:\/\/lacompagnieafacettes.fr\/wp-content\/uploads\/2025\/06\/AFFICHE_RIGODON_2006-1536x1022.jpg 1536w, https:\/\/lacompagnieafacettes.fr\/wp-content\/uploads\/2025\/06\/AFFICHE_RIGODON_2006-2048x1363.jpg 2048w, https:\/\/lacompagnieafacettes.fr\/wp-content\/uploads\/2025\/06\/AFFICHE_RIGODON_2006-350x233.jpg 350w, https:\/\/lacompagnieafacettes.fr\/wp-content\/uploads\/2025\/06\/AFFICHE_RIGODON_2006-650x432.jpg 650w, https:\/\/lacompagnieafacettes.fr\/wp-content\/uploads\/2025\/06\/AFFICHE_RIGODON_2006-1000x665.jpg 1000w, https:\/\/lacompagnieafacettes.fr\/wp-content\/uploads\/2025\/06\/AFFICHE_RIGODON_2006-2000x1331.jpg 2000w\" data-sizes=\"(max-width: 480px) 320px,(max-width: 767px) 500px,(max-width: 2560px) 100vw, 2560px\" width=\"2560\" height=\"1703\" \/><\/a><\/div><\/figure><\/div><\/div><\/div><\/div><\/div><div id=\"\" class=\"module col-6 module-id-17689224038302D7Mx bm-wrap row-top row-left bm-wrap-height-auto\" data-module-col=\"6\" data-change-color=\"off\" data-backcolor=\"transparent\" data-frontcolor=\"\" data-logocolor=\"\" data-goto-top=\"off\" data-goto-top-spacing=\"0\" data-goto-disable-m=\"off\" data-groupsameheight=\"off\"><div class=\"module-inside group-inside\" style=\"--top-mod: 0px;--bottom-mod: 40px;--top-mod-t: 0px;--bottom-mod-t: 40px;--top-mod-m:0px;--bottom-mod-m:30px;\" ><div id=\"\" class=\"module col-5 module-id-1768922404420PGCsV\" data-module-col=\"5\"><div class=\"module-inside text-inside\" style=\"--top-mod: 0px;--bottom-mod: 0px;--top-mod-t: 0px;--bottom-mod-t: 0px;--top-mod-m:0px;--bottom-mod-m:0px;\" ><div class=\"text_block_out\"  data-effect=\"standard\" style=\"\"><div class=\"text_block ux-mod-nobg\"><div class=\"text_block_inn\"><div id=\"text-1768922404420PGCsV\" class=\"text_block_centered text_block_centered_enable_width\"  style=\"\"><div class=\"wp-block-group is-vertical is-layout-flex wp-container-core-group-is-layout-8cf370e7 wp-block-group-is-layout-flex\">\n<p class=\"has-text-color has-link-color wp-elements-5371b153c29922c6e94912c4de40071f\" style=\"text-align: right;\"><span style=\"color: #0000ff;\"><strong>CR\u00c9ATION 2025<\/strong><\/span><\/p>\n<\/div><\/div><\/div><\/div><\/div><\/div><\/div><div id=\"\" class=\"module col-5 module-id-1768922404422n6QGP\" data-module-col=\"5\"><div class=\"module-inside text-inside\" style=\"--top-mod: 20px;--bottom-mod: 0px;--top-mod-t: 20px;--bottom-mod-t: 0px;--top-mod-m:10px;--bottom-mod-m:0px;\" ><div class=\"text_block_out\"  data-effect=\"standard\" style=\"\"><div class=\"text_block ux-mod-nobg\"><div class=\"text_block_inn\"><div id=\"text-1768922404422n6QGP\" class=\"text_block_centered text_block_centered_enable_width\"  style=\"\"><p><img loading=\"lazy\" decoding=\"async\" class=\"img-in-text\" src=\"http:\/\/lacompagnieafacettes.fr\/wp-content\/uploads\/2025\/06\/AFFICHE_RIGODON_2006.png\" alt=\"AFFICHE_RIGODON_2006\" width=\"359\" height=\"97\"><\/p><\/div><\/div><\/div><\/div><\/div><\/div><div id=\"\" class=\"module col-11 module-id-1768922404449hwEIl\" data-module-col=\"11\"><div class=\"module-inside text-inside\" style=\"--top-mod: 0px;--bottom-mod: 0px;--top-mod-t: 0px;--bottom-mod-t: 0px;--top-mod-m:0px;--bottom-mod-m:0px;\" ><div class=\"text_block_out\"  data-effect=\"standard\" style=\"\"><div class=\"text_block ux-mod-nobg\"><div class=\"text_block_inn\"><div id=\"text-1768922404449hwEIl\" class=\"text_block_centered text_block_centered_enable_width\"  style=\"\"><p><strong><em>Une trag\u00e9die sociale contemporaine :<\/em><\/strong><\/p>\n<p><strong><em>des masques, de la musique, des rires ; <\/em><\/strong><\/p>\n<p><strong><em>Derri\u00e8re les couleurs du carnaval, <\/em><\/strong><\/p>\n<p><strong><em>l&#39;ombre des silences <\/em><\/strong><\/p>\n<p><strong><em>et des violences invisibles, <\/em><\/strong><\/p>\n<p><strong><em>Et pourtant, tout se danse ?<\/em><\/strong><\/p><\/div><\/div><\/div><\/div><\/div><\/div><div id=\"\" class=\"module col-12 module-id-1768922404451DOMi-\" data-module-col=\"12\"><div class=\"module-inside button-inside\" style=\"--top-mod: 0px;--bottom-mod: 0px;--top-mod-t: 0px;--bottom-mod-t: 0px;--top-mod-m:0px;--bottom-mod-m:0px;\" ><div class=\"btn-mod-wrap btn-1768922404451DOMi- btn-right btn-right-m ux-horizontal ux-btn-wrap-regular\" style=\"\"><a class=\"ux-btn ux-btn-a-0 ux-cb-btn-1768922404451DOMi-_0 fadeInM \" style=\"--fontsizeBtn: 14px;--fontsizeBtnT: 16px;--fontsizeBtnM: 14px;--lineHeightBtn: 1.5;--letterSpacingBtn: normal;\" href=\"https:\/\/lacompagnieafacettes.fr\/index.php\/creations\/\" target=\"_self\" rel=\" \" ><span class=\"ux-btn-text-wrap\"><span class=\"ux-btn-text\">En savoir +<\/span><\/span><\/a><\/div><\/div><\/div><\/div><\/div><div id=\"\" class=\"module col-12 module-id-1768922309802rUzX8 bm-wrap row-top row-left bm-wrap-height-auto\" data-module-col=\"12\" data-change-color=\"off\" data-backcolor=\"transparent\" data-frontcolor=\"\" data-logocolor=\"\" data-goto-top=\"off\" data-goto-top-spacing=\"0\" data-goto-disable-m=\"off\" data-groupsameheight=\"off\"><div class=\"module-inside group-inside\" style=\"--top-mod: 80px;--bottom-mod: 0px;--top-mod-t: 80px;--bottom-mod-t: 0px;--top-mod-m:40px;--bottom-mod-m:50px;\" ><div id=\"\" class=\"module col-10 module-id-1768922310273T_NJu\" data-module-col=\"10\"><div class=\"module-inside text-inside\" style=\"--top-mod: 0px;--bottom-mod: 0px;--top-mod-t: 0px;--bottom-mod-t: 0px;--top-mod-m:0px;--bottom-mod-m:0px;\" ><div class=\"text_block_out\"  data-effect=\"standard\" style=\"\"><div class=\"text_block ux-mod-nobg\"><div class=\"text_block_inn\"><div id=\"text-1768922310273T_NJu\" class=\"text_block_centered text_block_centered_enable_width\"  style=\"\"><h1><span style=\"color: #0000ff;\">Dossier de pr\u00e9sentation<\/span><\/h1><\/div><\/div><\/div><\/div><\/div><\/div><div id=\"\" class=\"module col-12 module-id-1768922310278cBBq-\" data-module-col=\"12\"><div class=\"module-inside divide-inside\" style=\"--top-mod: 20px;--bottom-mod: 0px;--top-mod-t: 20px;--bottom-mod-t: 0px;--top-mod-m:10px;--bottom-mod-m:0px;\" ><div class=\"sea-divide divide-line ux-mod-nobg\" ><\/div><\/div><\/div><\/div><\/div><div id=\"\" class=\"module col-5 module-id-1768922316564Y_wyA bm-wrap row-top row-left bm-wrap-height-auto\" data-module-col=\"5\" data-change-color=\"off\" data-backcolor=\"transparent\" data-frontcolor=\"\" data-logocolor=\"\" data-goto-top=\"off\" data-goto-top-spacing=\"0\" data-goto-disable-m=\"off\" data-groupsameheight=\"off\"><div class=\"module-inside group-inside\" style=\"--top-mod: 0px;--bottom-mod: 0px;--top-mod-t: 0px;--bottom-mod-t: 0px;--top-mod-m:0px;--bottom-mod-m:40px;\" ><div id=\"\" class=\"module col-5 module-id-1768922317045xNICe\" data-module-col=\"5\"><div class=\"module-inside single-image-inside\" style=\"--cornerRadius:0px 0px 0px 0px ; --top-mod: 0px;--bottom-mod: 0px;--top-mod-t: 0px;--bottom-mod-t: 0px;--top-mod-m:0px;--bottom-mod-m:0px;\" ><div class=\"single-image-out  \"  ><figure class=\"single-image   single-image-full   \" no><div class=\"ux-hover-wrap anima-wrap\" style=\"padding-top: 68.658465143527%;\"><a class=\"ux-hover-wrap-a\" href=\"https:\/\/lacompagnieafacettes.fr\/index.php\/creations\/\" target=\"_self\" rel=\" \"><img loading=\"lazy\" decoding=\"async\" alt=\"DSCF2654\" class=\"single-image-img img1st lazy \" src=\"data:image\/gif;base64,R0lGODlhAQABAIAAAAAAAP\/\/\/yH5BAEAAAAALAAAAAABAAEAAAIBRAA7\" data-src=\"https:\/\/lacompagnieafacettes.fr\/wp-content\/uploads\/2026\/01\/DSCF2654-scaled-e1768864772755.jpg\" data-srcset=\"https:\/\/lacompagnieafacettes.fr\/wp-content\/uploads\/2026\/01\/DSCF2654-scaled-e1768864772755.jpg 1707w, https:\/\/lacompagnieafacettes.fr\/wp-content\/uploads\/2026\/01\/DSCF2654-scaled-e1768864772755-300x206.jpg 300w, https:\/\/lacompagnieafacettes.fr\/wp-content\/uploads\/2026\/01\/DSCF2654-scaled-e1768864772755-1024x703.jpg 1024w, https:\/\/lacompagnieafacettes.fr\/wp-content\/uploads\/2026\/01\/DSCF2654-scaled-e1768864772755-768x527.jpg 768w, https:\/\/lacompagnieafacettes.fr\/wp-content\/uploads\/2026\/01\/DSCF2654-scaled-e1768864772755-1536x1055.jpg 1536w, https:\/\/lacompagnieafacettes.fr\/wp-content\/uploads\/2026\/01\/DSCF2654-scaled-e1768864772755-350x240.jpg 350w, https:\/\/lacompagnieafacettes.fr\/wp-content\/uploads\/2026\/01\/DSCF2654-scaled-e1768864772755-650x446.jpg 650w, https:\/\/lacompagnieafacettes.fr\/wp-content\/uploads\/2026\/01\/DSCF2654-scaled-e1768864772755-1000x687.jpg 1000w\" data-sizes=\"(max-width: 480px) 320px,(max-width: 767px) 500px,(max-width: 1707px) 100vw, 1707px\" width=\"1707\" height=\"1172\" \/><\/a><\/div><\/figure><\/div><\/div><\/div><\/div><\/div><div id=\"\" class=\"module col-6 module-id-176892045396 bm-wrap row-top row-left bm-wrap-height-auto\" data-module-col=\"6\" data-change-color=\"off\" data-backcolor=\"transparent\" data-frontcolor=\"\" data-logocolor=\"\" data-goto-top=\"off\" data-goto-top-spacing=\"0\" data-goto-disable-m=\"off\" data-groupsameheight=\"off\"><div class=\"module-inside group-inside\" style=\"--top-mod: 0px;--bottom-mod: 40px;--top-mod-t: 0px;--bottom-mod-t: 40px;--top-mod-m:0px;--bottom-mod-m:30px;\" ><div id=\"\" class=\"module col-5 module-id-17689210548627dL-w\" data-module-col=\"5\"><div class=\"module-inside text-inside\" style=\"--top-mod: 20px;--bottom-mod: 0px;--top-mod-t: 20px;--bottom-mod-t: 0px;--top-mod-m:10px;--bottom-mod-m:0px;\" ><div class=\"text_block_out\"  data-effect=\"standard\" style=\"\"><div class=\"text_block ux-mod-nobg\"><div class=\"text_block_inn\"><div id=\"text-17689210548627dL-w\" class=\"text_block_centered text_block_centered_enable_width\"  style=\"\"><p><img loading=\"lazy\" decoding=\"async\" class=\"img-in-text\" src=\"http:\/\/lacompagnieafacettes.fr\/wp-content\/uploads\/2025\/06\/AFFICHE_RIGODON_2006.png\" alt=\"AFFICHE_RIGODON_2006\" width=\"359\" height=\"97\"><\/p><\/div><\/div><\/div><\/div><\/div><\/div><div id=\"\" class=\"module col-11 module-id-17689220163480OQDu\" data-module-col=\"11\"><div class=\"module-inside text-inside\" style=\"--top-mod: 0px;--bottom-mod: 0px;--top-mod-t: 0px;--bottom-mod-t: 0px;--top-mod-m:0px;--bottom-mod-m:0px;\" ><div class=\"text_block_out\"  data-effect=\"standard\" style=\"\"><div class=\"text_block withbg background_color\"><div class=\"bm-background-color\" style=\"background-color:#ffffff\"><\/div><div class=\"text_block_inn\"><div id=\"text-17689220163480OQDu\" class=\"text_block_centered text_block_centered_enable_width\"  style=\"\"><p><span style=\"color: #0000ff;\"><a id=\"wp-block-file--media-041826e5-ae4b-438f-aebf-2e3484e905fe\" style=\"color: #0000ff;\" href=\"https:\/\/lacompagnieafacettes.fr\/wp-content\/uploads\/2025\/06\/RIGODON2025.pdf\" target=\"_blank\" rel=\"noreferrer noopener\"><strong>Dossier de pr\u00e9sentation&nbsp;<\/strong><\/a><\/span><\/p><\/div><\/div><\/div><\/div><\/div><\/div><div id=\"\" class=\"module col-12 module-id-1768920453982\" data-module-col=\"12\"><div class=\"module-inside button-inside\" style=\"--top-mod: 0px;--bottom-mod: 0px;--top-mod-t: 0px;--bottom-mod-t: 0px;--top-mod-m:0px;--bottom-mod-m:0px;\" ><div class=\"btn-mod-wrap btn-1768920453982 btn-right btn-right-m ux-horizontal ux-btn-wrap-regular\" style=\"\"><a class=\"ux-btn ux-btn-a-0 ux-cb-btn-1768920453982_0 fadeInM \" style=\"--fontsizeBtn: 14px;--fontsizeBtnT: 16px;--fontsizeBtnM: 14px;--lineHeightBtn: 1.5;--letterSpacingBtn: normal;\" href=\"https:\/\/lacompagnieafacettes.fr\/index.php\/creations\/\" target=\"_self\" rel=\" \" ><span class=\"ux-btn-text-wrap\"><span class=\"ux-btn-text\">En savoir +<\/span><\/span><\/a><\/div><\/div><\/div><\/div><\/div><\/div>","protected":false},"excerpt":{"rendered":"<p>Comme des \u00e9clats du monde&nbsp; &nbsp;&nbsp;&nbsp;&nbsp;&nbsp;&nbsp;&nbsp;&nbsp;&nbsp;&nbsp;&nbsp;&nbsp;&nbsp;&nbsp;&nbsp;&nbsp;&nbsp;&nbsp;&nbsp;&nbsp;&nbsp;&nbsp;&nbsp; un fragment du r\u00e9el&nbsp; &hellip;<\/p>\n","protected":false},"author":1,"featured_media":12,"parent":0,"menu_order":0,"comment_status":"closed","ping_status":"closed","template":"","meta":{"footnotes":""},"class_list":["post-79","page","type-page","status-publish","has-post-thumbnail","hentry"],"_links":{"self":[{"href":"https:\/\/lacompagnieafacettes.fr\/index.php\/wp-json\/wp\/v2\/pages\/79","targetHints":{"allow":["GET"]}}],"collection":[{"href":"https:\/\/lacompagnieafacettes.fr\/index.php\/wp-json\/wp\/v2\/pages"}],"about":[{"href":"https:\/\/lacompagnieafacettes.fr\/index.php\/wp-json\/wp\/v2\/types\/page"}],"author":[{"embeddable":true,"href":"https:\/\/lacompagnieafacettes.fr\/index.php\/wp-json\/wp\/v2\/users\/1"}],"replies":[{"embeddable":true,"href":"https:\/\/lacompagnieafacettes.fr\/index.php\/wp-json\/wp\/v2\/comments?post=79"}],"version-history":[{"count":5,"href":"https:\/\/lacompagnieafacettes.fr\/index.php\/wp-json\/wp\/v2\/pages\/79\/revisions"}],"predecessor-version":[{"id":552,"href":"https:\/\/lacompagnieafacettes.fr\/index.php\/wp-json\/wp\/v2\/pages\/79\/revisions\/552"}],"wp:featuredmedia":[{"embeddable":true,"href":"https:\/\/lacompagnieafacettes.fr\/index.php\/wp-json\/wp\/v2\/media\/12"}],"wp:attachment":[{"href":"https:\/\/lacompagnieafacettes.fr\/index.php\/wp-json\/wp\/v2\/media?parent=79"}],"curies":[{"name":"wp","href":"https:\/\/api.w.org\/{rel}","templated":true}]}}